{"id":2,"date":"2023-04-26T16:09:47","date_gmt":"2023-04-26T14:09:47","guid":{"rendered":"https:\/\/www.xn--radonmtningarbetsplatser-vbc.nu\/?page_id=2"},"modified":"2024-11-05T09:06:33","modified_gmt":"2024-11-05T08:06:33","slug":"radonmatningarbetsplatser","status":"publish","type":"page","link":"https:\/\/www.xn--radonmtningarbetsplatser-vbc.nu\/","title":{"rendered":"Radonm\u00e4tning p\u00e5 arbetsplatser"},"content":{"rendered":"\n<p class=\"has-text-align-center\" style=\"font-size:24px\"><strong><em>Radonm\u00e4tning p\u00e5 arbetsplatser \u00e4r arbetsgivarens ansvar.<\/em><\/strong><br><strong><em>Arbetsgivaren ska vara medveten om och \u00f6vervaka radonhalten.<\/em><\/strong><br><strong><em>P\u00e5 jobbet ska man k\u00e4nna sig trygg och s\u00e4ker.<\/em><\/strong><\/p>\n\n\n\n<hr class=\"wp-block-separator has-alpha-channel-opacity\"\/>\n\n\n\n<div style=\"height:50px\" aria-hidden=\"true\" class=\"wp-block-spacer\"><\/div>\n\n\n\n<p>I Sverige \u00e4r arbetsgivaren ansvarig f\u00f6r att s\u00e4kerst\u00e4lla en s\u00e4ker arbetsmilj\u00f6 p\u00e5 arbetsplatsen, vilket inkluderar att skydda anst\u00e4llda fr\u00e5n exponering av radon. Den nya Str\u00e5lskyddslagen som g\u00e4ller f\u00f6r radon p\u00e5 arbetsplatser tr\u00e4dde i kraft \u00e5r 2018 och kr\u00e4ver att arbetsgivare agerar om anst\u00e4llda uts\u00e4tts f\u00f6r radonhalter som \u00f6verstiger 200 Bq\/m3. Tillsynsansvaret f\u00f6r radon p\u00e5 arbetsplatser delas av Str\u00e5ls\u00e4kerhetsmyndigheten och kraven regleras av b\u00e5de Arbetsmilj\u00f6lagen och Str\u00e5lskyddsf\u00f6rordningen. Enligt den nya str\u00e5lskyddslagen, som inf\u00f6rdes den 1 juni 2018, m\u00e5ste arbetsgivaren anm\u00e4la radonhalter som \u00f6verstiger referensniv\u00e5n p\u00e5 200 Bq\/m3 i \u00e5rsmedelv\u00e4rde till Str\u00e5ls\u00e4kerhetsmyndigheten och vidta \u00e5tg\u00e4rder f\u00f6r att fastst\u00e4lla och begr\u00e4nsa exponeringen samt dokumentera det. <\/p>\n\n\n\n<p>Fr\u00e5n och med den 1:a oktober 2021 implementerades en uppdaterad metodbeskrivning f\u00f6r m\u00e4tning av radon p\u00e5 arbetsplatser. Syftet med den nya beskrivningen \u00e4r att f\u00f6rb\u00e4ttra noggrannheten vid best\u00e4mning av radonhalten och ers\u00e4tter den tidigare beskrivningen fr\u00e5n 2004.<\/p>\n\n\n\n<div style=\"height:50px\" aria-hidden=\"true\" class=\"wp-block-spacer\"><\/div>\n\n\n\n<div class=\"wp-block-columns is-layout-flex wp-container-core-columns-is-layout-9d6595d7 wp-block-columns-is-layout-flex\">\n<div class=\"wp-block-column is-layout-flow wp-block-column-is-layout-flow\">\n<figure class=\"wp-block-image size-large\"><img loading=\"lazy\" decoding=\"async\" width=\"1024\" height=\"683\" src=\"https:\/\/www.xn--radonmtningarbetsplatser-vbc.nu\/wp-content\/uploads\/2023\/05\/lungcancer-radon-1024x683.jpg\" alt=\"Radon kan orsaka lungcancer vid l\u00e5ngvarig exponering\" class=\"wp-image-66\" srcset=\"https:\/\/www.xn--radonmtningarbetsplatser-vbc.nu\/wp-content\/uploads\/2023\/05\/lungcancer-radon-1024x683.jpg 1024w, https:\/\/www.xn--radonmtningarbetsplatser-vbc.nu\/wp-content\/uploads\/2023\/05\/lungcancer-radon-300x200.jpg 300w, https:\/\/www.xn--radonmtningarbetsplatser-vbc.nu\/wp-content\/uploads\/2023\/05\/lungcancer-radon-768x513.jpg 768w, https:\/\/www.xn--radonmtningarbetsplatser-vbc.nu\/wp-content\/uploads\/2023\/05\/lungcancer-radon.jpg 1440w\" sizes=\"auto, (max-width: 1024px) 100vw, 1024px\" \/><\/figure>\n\n\n\n<h3 class=\"wp-block-heading\">Radon \u00e4r farligt f\u00f6r h\u00e4lsan<\/h3>\n\n\n\n<p>Radon \u00e4r en gas som \u00e4r osynlig, luktfri, smakl\u00f6s och f\u00e4rgl\u00f6s. L\u00e5ngvarig exponering f\u00f6r denna gas kan \u00f6ka risken f\u00f6r lungcancer. Enligt Folkh\u00e4lsomyndigheten orsakar radon ungef\u00e4r 500 fall av lungcancer varje \u00e5r i Sverige, vilket g\u00f6r det till den n\u00e4st st\u00f6rsta orsaken till lungcancer efter r\u00f6kning.<\/p>\n<\/div>\n\n\n\n<div class=\"wp-block-column is-layout-flow wp-block-column-is-layout-flow\">\n<figure class=\"wp-block-image size-large\"><img loading=\"lazy\" decoding=\"async\" width=\"1024\" height=\"683\" src=\"https:\/\/www.xn--radonmtningarbetsplatser-vbc.nu\/wp-content\/uploads\/2023\/05\/ventilation-2023-1024x683.jpg\" alt=\"Ventilation\" class=\"wp-image-67\" srcset=\"https:\/\/www.xn--radonmtningarbetsplatser-vbc.nu\/wp-content\/uploads\/2023\/05\/ventilation-2023-1024x683.jpg 1024w, https:\/\/www.xn--radonmtningarbetsplatser-vbc.nu\/wp-content\/uploads\/2023\/05\/ventilation-2023-300x200.jpg 300w, https:\/\/www.xn--radonmtningarbetsplatser-vbc.nu\/wp-content\/uploads\/2023\/05\/ventilation-2023-768x513.jpg 768w, https:\/\/www.xn--radonmtningarbetsplatser-vbc.nu\/wp-content\/uploads\/2023\/05\/ventilation-2023.jpg 1440w\" sizes=\"auto, (max-width: 1024px) 100vw, 1024px\" \/><\/figure>\n\n\n\n<h3 class=\"wp-block-heading\">\u00c5tg\u00e4rder <\/h3>\n\n\n\n<p>Om radonhalterna \u00e4r f\u00f6rh\u00f6jda \u00e4r det av st\u00f6rsta vikt att s\u00f6ka hj\u00e4lp f\u00f6r att identifiera orsaken och vidta l\u00e4mpliga \u00e5tg\u00e4rder f\u00f6r att minska radonhalten. Exempel p\u00e5 \u00e5tg\u00e4rder kan innefatta att \u00f6ka ventilationen, t\u00e4ta eller isolera beroende p\u00e5 var radonet kommer ifr\u00e5n.<\/p>\n<\/div>\n<\/div>\n\n\n\n<h3 class=\"wp-block-heading has-text-align-center\">Radonm\u00e4tning arbetsplatser<\/h3>\n\n\n\n<p>Det \u00e4r m\u00f6jligt att sj\u00e4lv utf\u00f6ra en <a href=\"https:\/\/radonm\u00e4tning.se\/produkt\/radonmatning-arbetsplatser\/\" target=\"_blank\" rel=\"noreferrer noopener\">radonm\u00e4tning p\u00e5 arbetsplatsen<\/a> enkelt. L\u00e5ngtidsm\u00e4tningar med sp\u00e5rfilmsdosor kan k\u00f6pas\/best\u00e4llas fr\u00e5n ackrediterade f\u00f6retag och ger tillf\u00f6rlitligt \u00e5rsmedelv\u00e4rde, vilket utg\u00f6r det s\u00e4kraste s\u00e4ttet att m\u00e4ta radon. F\u00f6r att s\u00e4kerst\u00e4lla korrekta resultat \u00e4r det viktigt att f\u00f6lja Str\u00e5lskyddsverkets metodbeskrivning f\u00f6r radonm\u00e4tning p\u00e5 arbetsplatsen. Denna metodbeskrivning inneh\u00e5ller instruktioner om hur radonhalten ska m\u00e4tas f\u00f6r att kunna j\u00e4mf\u00f6ras med Arbetsmilj\u00f6verkets hygieniska gr\u00e4nsv\u00e4rden och Socialstyrelsens riktv\u00e4rden f\u00f6r radon i lokaler av allm\u00e4nt bruk. F\u00f6ljande \u00e4r de gr\u00e4ns- och riktv\u00e4rden som g\u00e4ller f\u00f6r radon p\u00e5 arbetsplatser:<\/p>\n\n\n\n<ul class=\"wp-block-list\">\n<li>200 Bq\/m3: G\u00e4ller f\u00f6r lokaler ovan jord under normal arbetstid p\u00e5 1800 timmar.<\/li>\n\n\n\n<li>400 Bq\/m3: G\u00e4ller f\u00f6r k\u00e4llare och bergrum under normal arbetstid p\u00e5 1800 timmar.<\/li>\n\n\n\n<li>1300 Bq\/m3: G\u00e4ller f\u00f6r berg- och gruvverksamhet under normal arbetstid p\u00e5 1300 timmar.<\/li>\n<\/ul>\n\n\n\n<p><\/p>\n\n\n\n<h2 class=\"wp-block-heading has-text-align-center\">Sammanfattning: Radonm\u00e4tning p\u00e5 arbetsplatser<\/h2>\n\n\n\n<h5 class=\"wp-block-heading\"><strong>Arbetsgivarens ansvar:<\/strong><\/h5>\n\n\n\n<ul class=\"wp-block-list\">\n<li>Att m\u00e4ta radonhalten och vidta \u00e5tg\u00e4rder om den \u00f6verstiger 200 Bq\/m\u00b3.<\/li>\n\n\n\n<li>Att anm\u00e4la radonhalter \u00f6ver 200 Bq\/m\u00b3 till Str\u00e5ls\u00e4kerhetsmyndigheten.<\/li>\n\n\n\n<li>Att f\u00f6lja den nya metodbeskrivningen fr\u00e5n 2021.<\/li>\n<\/ul>\n\n\n\n<h5 class=\"wp-block-heading\"><strong>Radon \u00e4r farligt:<\/strong><\/h5>\n\n\n\n<ul class=\"wp-block-list\">\n<li>Osynlig, luktfri gas som kan orsaka lungcancer.<\/li>\n\n\n\n<li>N\u00e4st st\u00f6rsta orsaken till lungcancer i Sverige efter r\u00f6kning.<\/li>\n<\/ul>\n\n\n\n<h5 class=\"wp-block-heading\"><strong>\u00c5tg\u00e4rder vid f\u00f6rh\u00f6jd radonhalt:<\/strong><\/h5>\n\n\n\n<ul class=\"wp-block-list\">\n<li>Identifiera orsaken och vidta \u00e5tg\u00e4rder.<\/li>\n\n\n\n<li>Exempel: \u00f6ka ventilationen, t\u00e4ta l\u00e4ckage, isolera.<\/li>\n<\/ul>\n\n\n\n<h5 class=\"wp-block-heading\"><strong>M\u00e4tning:<\/strong><\/h5>\n\n\n\n<ul class=\"wp-block-list\">\n<li>L\u00e5ngtidsm\u00e4tning med sp\u00e5rfilmsdosor \u00e4r s\u00e4kraste metoden.<\/li>\n\n\n\n<li>F\u00f6lj Str\u00e5ls\u00e4kerhetsmyndighetens metodbeskrivning.<\/li>\n<\/ul>\n\n\n\n<h5 class=\"wp-block-heading\"><strong>Gr\u00e4ns- och riktv\u00e4rden:<\/strong><\/h5>\n\n\n\n<ul class=\"wp-block-list\">\n<li>200 Bq\/m\u00b3: Lokaler ovan jord.<\/li>\n\n\n\n<li>400 Bq\/m\u00b3: K\u00e4llare och bergrum.<\/li>\n\n\n\n<li>1300 Bq\/m\u00b3: Berg- och gruvverksamhet.<\/li>\n<\/ul>\n\n\n\n<h5 class=\"wp-block-heading\"><strong>Nyheter:<\/strong><\/h5>\n\n\n\n<ul class=\"wp-block-list\">\n<li>F\u00f6rb\u00e4ttrad metodbeskrivning fr\u00e5n 2021.<\/li>\n\n\n\n<li>Ny v\u00e4gledning fr\u00e5n SSM f\u00f6r radonm\u00e4tning i skolor (elektroniska instrument).<\/li>\n<\/ul>\n\n\n\n<h5 class=\"wp-block-heading\"><strong>Kom ih\u00e5g:<\/strong><\/h5>\n\n\n\n<ul class=\"wp-block-list\">\n<li>Att m\u00e4ta radon \u00e4r enkelt och billigt.<\/li>\n\n\n\n<li>Det \u00e4r b\u00e4ttre att vara f\u00f6rsiktig \u00e4n att riskera h\u00e4lsan.<\/li>\n<\/ul>\n","protected":false},"excerpt":{"rendered":"<p>Radonm\u00e4tning p\u00e5 arbetsplatser \u00e4r arbetsgivarens ansvar.Arbetsgivaren ska vara medveten om och \u00f6vervaka radonhalten.P\u00e5 jobbet ska man k\u00e4nna sig trygg och<\/p>\n<p><a href=\"https:\/\/www.xn--radonmtningarbetsplatser-vbc.nu\/\" class=\"more-link\">Continue reading<span class=\"screen-reader-text\">Radonm\u00e4tning p\u00e5 arbetsplatser<\/span><\/a><\/p>\n","protected":false},"author":1,"featured_media":0,"parent":0,"menu_order":0,"comment_status":"closed","ping_status":"closed","template":"","meta":{"footnotes":""},"class_list":["post-2","page","type-page","status-publish","hentry"],"yoast_head":"<!-- This site is optimized with the Yoast SEO plugin v27.3 - https:\/\/yoast.com\/product\/yoast-seo-wordpress\/ -->\n<title>Radonm\u00e4tning p\u00e5 arbetsplatser - Radonm\u00e4tning arbetsplatser<\/title>\n<meta name=\"description\" content=\"Radonm\u00e4tning arbetsplatser - det \u00e4r arbetsgivarens ansvar att vara medveten om och \u00f6vervaka radonhalten p\u00e5 arbetsplatsen.\" \/>\n<meta name=\"robots\" content=\"index, follow, max-snippet:-1, max-image-preview:large, max-video-preview:-1\" \/>\n<link rel=\"canonical\" href=\"https:\/\/www.xn--radonmtningarbetsplatser-vbc.nu\/\" \/>\n<meta property=\"og:locale\" content=\"en_US\" \/>\n<meta property=\"og:type\" content=\"article\" \/>\n<meta property=\"og:title\" content=\"Radonm\u00e4tning p\u00e5 arbetsplatser - Radonm\u00e4tning arbetsplatser\" \/>\n<meta property=\"og:description\" content=\"Radonm\u00e4tning arbetsplatser - det \u00e4r arbetsgivarens ansvar att vara medveten om och \u00f6vervaka radonhalten p\u00e5 arbetsplatsen.\" \/>\n<meta property=\"og:url\" content=\"https:\/\/www.xn--radonmtningarbetsplatser-vbc.nu\/\" \/>\n<meta property=\"og:site_name\" content=\"Radonm\u00e4tning arbetsplatser\" \/>\n<meta property=\"article:modified_time\" content=\"2024-11-05T08:06:33+00:00\" \/>\n<meta property=\"og:image\" content=\"https:\/\/www.xn--radonmtningarbetsplatser-vbc.nu\/wp-content\/uploads\/2023\/05\/lungcancer-radon.jpg\" \/>\n\t<meta property=\"og:image:width\" content=\"1440\" \/>\n\t<meta property=\"og:image:height\" content=\"961\" \/>\n\t<meta property=\"og:image:type\" content=\"image\/jpeg\" \/>\n<meta name=\"twitter:card\" content=\"summary_large_image\" \/>\n<meta name=\"twitter:label1\" content=\"Est. reading time\" \/>\n\t<meta name=\"twitter:data1\" content=\"3 minutes\" \/>\n<script type=\"application\/ld+json\" class=\"yoast-schema-graph\">{\"@context\":\"https:\\\/\\\/schema.org\",\"@graph\":[{\"@type\":\"WebPage\",\"@id\":\"https:\\\/\\\/www.xn--radonmtningarbetsplatser-vbc.nu\\\/\",\"url\":\"https:\\\/\\\/www.xn--radonmtningarbetsplatser-vbc.nu\\\/\",\"name\":\"Radonm\u00e4tning p\u00e5 arbetsplatser - Radonm\u00e4tning arbetsplatser\",\"isPartOf\":{\"@id\":\"https:\\\/\\\/www.xn--radonmtningarbetsplatser-vbc.nu\\\/#website\"},\"primaryImageOfPage\":{\"@id\":\"https:\\\/\\\/www.xn--radonmtningarbetsplatser-vbc.nu\\\/#primaryimage\"},\"image\":{\"@id\":\"https:\\\/\\\/www.xn--radonmtningarbetsplatser-vbc.nu\\\/#primaryimage\"},\"thumbnailUrl\":\"https:\\\/\\\/www.xn--radonmtningarbetsplatser-vbc.nu\\\/wp-content\\\/uploads\\\/2023\\\/05\\\/lungcancer-radon-1024x683.jpg\",\"datePublished\":\"2023-04-26T14:09:47+00:00\",\"dateModified\":\"2024-11-05T08:06:33+00:00\",\"description\":\"Radonm\u00e4tning arbetsplatser - det \u00e4r arbetsgivarens ansvar att vara medveten om och \u00f6vervaka radonhalten p\u00e5 arbetsplatsen.\",\"breadcrumb\":{\"@id\":\"https:\\\/\\\/www.xn--radonmtningarbetsplatser-vbc.nu\\\/#breadcrumb\"},\"inLanguage\":\"en-US\",\"potentialAction\":[{\"@type\":\"ReadAction\",\"target\":[\"https:\\\/\\\/www.xn--radonmtningarbetsplatser-vbc.nu\\\/\"]}]},{\"@type\":\"ImageObject\",\"inLanguage\":\"en-US\",\"@id\":\"https:\\\/\\\/www.xn--radonmtningarbetsplatser-vbc.nu\\\/#primaryimage\",\"url\":\"https:\\\/\\\/www.xn--radonmtningarbetsplatser-vbc.nu\\\/wp-content\\\/uploads\\\/2023\\\/05\\\/lungcancer-radon.jpg\",\"contentUrl\":\"https:\\\/\\\/www.xn--radonmtningarbetsplatser-vbc.nu\\\/wp-content\\\/uploads\\\/2023\\\/05\\\/lungcancer-radon.jpg\",\"width\":1440,\"height\":961,\"caption\":\"Doctor watching a xray of lung cancer on digital tablet. Radiology x-ray concept\"},{\"@type\":\"BreadcrumbList\",\"@id\":\"https:\\\/\\\/www.xn--radonmtningarbetsplatser-vbc.nu\\\/#breadcrumb\",\"itemListElement\":[{\"@type\":\"ListItem\",\"position\":1,\"name\":\"Hem\",\"item\":\"https:\\\/\\\/www.xn--radonmtningarbetsplatser-vbc.nu\\\/\"},{\"@type\":\"ListItem\",\"position\":2,\"name\":\"Radonm\u00e4tning p\u00e5 arbetsplatser\"}]},{\"@type\":\"WebSite\",\"@id\":\"https:\\\/\\\/www.xn--radonmtningarbetsplatser-vbc.nu\\\/#website\",\"url\":\"https:\\\/\\\/www.xn--radonmtningarbetsplatser-vbc.nu\\\/\",\"name\":\"Radonm\u00e4tning arbetsplatser\",\"description\":\"\",\"potentialAction\":[{\"@type\":\"SearchAction\",\"target\":{\"@type\":\"EntryPoint\",\"urlTemplate\":\"https:\\\/\\\/www.xn--radonmtningarbetsplatser-vbc.nu\\\/?s={search_term_string}\"},\"query-input\":{\"@type\":\"PropertyValueSpecification\",\"valueRequired\":true,\"valueName\":\"search_term_string\"}}],\"inLanguage\":\"en-US\"}]}<\/script>\n<!-- \/ Yoast SEO plugin. -->","yoast_head_json":{"title":"Radonm\u00e4tning p\u00e5 arbetsplatser - Radonm\u00e4tning arbetsplatser","description":"Radonm\u00e4tning arbetsplatser - det \u00e4r arbetsgivarens ansvar att vara medveten om och \u00f6vervaka radonhalten p\u00e5 arbetsplatsen.","robots":{"index":"index","follow":"follow","max-snippet":"max-snippet:-1","max-image-preview":"max-image-preview:large","max-video-preview":"max-video-preview:-1"},"canonical":"https:\/\/www.xn--radonmtningarbetsplatser-vbc.nu\/","og_locale":"en_US","og_type":"article","og_title":"Radonm\u00e4tning p\u00e5 arbetsplatser - Radonm\u00e4tning arbetsplatser","og_description":"Radonm\u00e4tning arbetsplatser - det \u00e4r arbetsgivarens ansvar att vara medveten om och \u00f6vervaka radonhalten p\u00e5 arbetsplatsen.","og_url":"https:\/\/www.xn--radonmtningarbetsplatser-vbc.nu\/","og_site_name":"Radonm\u00e4tning arbetsplatser","article_modified_time":"2024-11-05T08:06:33+00:00","og_image":[{"width":1440,"height":961,"url":"https:\/\/www.xn--radonmtningarbetsplatser-vbc.nu\/wp-content\/uploads\/2023\/05\/lungcancer-radon.jpg","type":"image\/jpeg"}],"twitter_card":"summary_large_image","twitter_misc":{"Est. reading time":"3 minutes"},"schema":{"@context":"https:\/\/schema.org","@graph":[{"@type":"WebPage","@id":"https:\/\/www.xn--radonmtningarbetsplatser-vbc.nu\/","url":"https:\/\/www.xn--radonmtningarbetsplatser-vbc.nu\/","name":"Radonm\u00e4tning p\u00e5 arbetsplatser - Radonm\u00e4tning arbetsplatser","isPartOf":{"@id":"https:\/\/www.xn--radonmtningarbetsplatser-vbc.nu\/#website"},"primaryImageOfPage":{"@id":"https:\/\/www.xn--radonmtningarbetsplatser-vbc.nu\/#primaryimage"},"image":{"@id":"https:\/\/www.xn--radonmtningarbetsplatser-vbc.nu\/#primaryimage"},"thumbnailUrl":"https:\/\/www.xn--radonmtningarbetsplatser-vbc.nu\/wp-content\/uploads\/2023\/05\/lungcancer-radon-1024x683.jpg","datePublished":"2023-04-26T14:09:47+00:00","dateModified":"2024-11-05T08:06:33+00:00","description":"Radonm\u00e4tning arbetsplatser - det \u00e4r arbetsgivarens ansvar att vara medveten om och \u00f6vervaka radonhalten p\u00e5 arbetsplatsen.","breadcrumb":{"@id":"https:\/\/www.xn--radonmtningarbetsplatser-vbc.nu\/#breadcrumb"},"inLanguage":"en-US","potentialAction":[{"@type":"ReadAction","target":["https:\/\/www.xn--radonmtningarbetsplatser-vbc.nu\/"]}]},{"@type":"ImageObject","inLanguage":"en-US","@id":"https:\/\/www.xn--radonmtningarbetsplatser-vbc.nu\/#primaryimage","url":"https:\/\/www.xn--radonmtningarbetsplatser-vbc.nu\/wp-content\/uploads\/2023\/05\/lungcancer-radon.jpg","contentUrl":"https:\/\/www.xn--radonmtningarbetsplatser-vbc.nu\/wp-content\/uploads\/2023\/05\/lungcancer-radon.jpg","width":1440,"height":961,"caption":"Doctor watching a xray of lung cancer on digital tablet. Radiology x-ray concept"},{"@type":"BreadcrumbList","@id":"https:\/\/www.xn--radonmtningarbetsplatser-vbc.nu\/#breadcrumb","itemListElement":[{"@type":"ListItem","position":1,"name":"Hem","item":"https:\/\/www.xn--radonmtningarbetsplatser-vbc.nu\/"},{"@type":"ListItem","position":2,"name":"Radonm\u00e4tning p\u00e5 arbetsplatser"}]},{"@type":"WebSite","@id":"https:\/\/www.xn--radonmtningarbetsplatser-vbc.nu\/#website","url":"https:\/\/www.xn--radonmtningarbetsplatser-vbc.nu\/","name":"Radonm\u00e4tning arbetsplatser","description":"","potentialAction":[{"@type":"SearchAction","target":{"@type":"EntryPoint","urlTemplate":"https:\/\/www.xn--radonmtningarbetsplatser-vbc.nu\/?s={search_term_string}"},"query-input":{"@type":"PropertyValueSpecification","valueRequired":true,"valueName":"search_term_string"}}],"inLanguage":"en-US"}]}},"jetpack_sharing_enabled":true,"_links":{"self":[{"href":"https:\/\/www.xn--radonmtningarbetsplatser-vbc.nu\/index.php?rest_route=\/wp\/v2\/pages\/2","targetHints":{"allow":["GET"]}}],"collection":[{"href":"https:\/\/www.xn--radonmtningarbetsplatser-vbc.nu\/index.php?rest_route=\/wp\/v2\/pages"}],"about":[{"href":"https:\/\/www.xn--radonmtningarbetsplatser-vbc.nu\/index.php?rest_route=\/wp\/v2\/types\/page"}],"author":[{"embeddable":true,"href":"https:\/\/www.xn--radonmtningarbetsplatser-vbc.nu\/index.php?rest_route=\/wp\/v2\/users\/1"}],"replies":[{"embeddable":true,"href":"https:\/\/www.xn--radonmtningarbetsplatser-vbc.nu\/index.php?rest_route=%2Fwp%2Fv2%2Fcomments&post=2"}],"version-history":[{"count":33,"href":"https:\/\/www.xn--radonmtningarbetsplatser-vbc.nu\/index.php?rest_route=\/wp\/v2\/pages\/2\/revisions"}],"predecessor-version":[{"id":111,"href":"https:\/\/www.xn--radonmtningarbetsplatser-vbc.nu\/index.php?rest_route=\/wp\/v2\/pages\/2\/revisions\/111"}],"wp:attachment":[{"href":"https:\/\/www.xn--radonmtningarbetsplatser-vbc.nu\/index.php?rest_route=%2Fwp%2Fv2%2Fmedia&parent=2"}],"curies":[{"name":"wp","href":"https:\/\/api.w.org\/{rel}","templated":true}]}}